{"id":5138,"date":"2025-10-16T16:07:08","date_gmt":"2025-10-16T19:07:08","guid":{"rendered":"https:\/\/www.argreen.ar\/blog\/"},"modified":"2025-10-16T16:25:07","modified_gmt":"2025-10-16T19:25:07","slug":"blog","status":"publish","type":"page","link":"https:\/\/www.argreen.ar\/pt-br\/blog\/","title":{"rendered":"blog"},"content":{"rendered":"\t\t<div data-elementor-type=\"wp-page\" data-elementor-id=\"5138\" class=\"elementor elementor-5138 elementor-3301\" data-elementor-post-type=\"page\">\n\t\t\t\t\t\t<section data-exad-particle-enable=\"false\" class=\"elementor-section elementor-top-section elementor-element elementor-element-83deecf elementor-section-boxed elementor-section-height-default elementor-section-height-default exad-parallax-effect-no exad-background-color-change-no exad-glass-effect-no exad-sticky-section-no\" data-id=\"83deecf\" data-element_type=\"section\">\n\t\t\t\t\t\t<div class=\"elementor-container elementor-column-gap-default\">\n\t\t\t\t\t<div class=\"elementor-column elementor-col-100 elementor-top-column elementor-element elementor-element-3e3f31d exad-glass-effect-no exad-sticky-section-no\" data-id=\"3e3f31d\" data-element_type=\"column\">\n\t\t\t<div class=\"elementor-widget-wrap elementor-element-populated\">\n\t\t\t\t\t\t<div class=\"elementor-element elementor-element-8209ab1 exad-sticky-section-no exad-glass-effect-no elementor-widget elementor-widget-exad-news-ticker-pro\" data-id=\"8209ab1\" data-element_type=\"widget\" data-widget_type=\"exad-news-ticker-pro.default\">\n\t\t\t\t<div class=\"elementor-widget-container\">\n\t\t\t\t\t            <div class=\"exad-news-ticker\" data-autoplay=\"true\" data-fixed_position=\"none\" data-pause_on_hover=\"true\" data-direction=\"ltr\" data-autoplay_interval=\"\" data-animation_speed=\"2\" data-ticker_height=\"70\" data-animation=\"scroll\">\n\n                \n                                    <div class=\"exad-bn-label  no\">\n                        <div class=\"exad-nt-label\">\n                                                            <span >Not\u00edcias em destaque<\/span>\n                                                    <\/div>\n                    <\/div>\n                \n                <div class=\"exad-nt-news\">\n                    <ul>\n                                                    <li><a href=\"https:\/\/www.argreen.ar\/pt-br\/o-norte-argentino-lidera-a-mudanca-silenciosa-a-producao-responsavel-que-transforma-o-campo\/\" target=\"_blank\"><span>O Norte Argentino Lidera a Mudan\u00e7a Silenciosa<\/span><\/a><\/li>\n                                                    <li><a href=\"https:\/\/www.argreen.ar\/pt-br\/anuga-2025-a-qualidade-que-fala-todos-os-idiomas\/\" target=\"_blank\"><span>ANUGA 2025: A Qualidade que Fala Todos os Idiomas!<\/span><\/a><\/li>\n                                                    <li><a href=\"https:\/\/www.argreen.ar\/pt-br\/o-futuro-da-alimentacao-no-food-service-chile\/\" target=\"_blank\"><span>O Futuro da Alimenta\u00e7\u00e3o no Food Service Chile!<\/span><\/a><\/li>\n                                                    <li><a href=\"https:\/\/www.argreen.ar\/pt-br\/desde-dubai-na-gulfood-the-worlds-biggest-fb-event-2025\/\" target=\"_blank\"><span>Desde Dubai na Gulfood &#8211; The World&#8217;s Biggest F&amp;B Event 2025<\/span><\/a><\/li>\n                                                    <li><a href=\"https:\/\/www.argreen.ar\/pt-br\/participacao-ppa-2024\/\" target=\"_blank\"><span>Participa\u00e7\u00e3o PPA 2024<\/span><\/a><\/li>\n                                                    <li><a href=\"https:\/\/www.argreen.ar\/pt-br\/encontros-de-horticultores-em-el-cajon\/\" target=\"_blank\"><span>Encontros de horticultores em El Caj\u00f3n<\/span><\/a><\/li>\n                                                    <li><a href=\"https:\/\/www.argreen.ar\/pt-br\/temos-responsabilidade\/\" target=\"_blank\"><span>Temos Responsabilidade<\/span><\/a><\/li>\n                                                    <li><a href=\"https:\/\/www.argreen.ar\/pt-br\/producao-sustentavel\/\" target=\"_blank\"><span>Produ\u00e7\u00e3o Sustent\u00e1vel<\/span><\/a><\/li>\n                                                    <li><a href=\"https:\/\/www.argreen.ar\/pt-br\/projetos-de-pesquisa\/\" target=\"_blank\"><span>Projetos de Pesquisa<\/span><\/a><\/li>\n                                                    <li><a href=\"https:\/\/www.argreen.ar\/pt-br\/conservacao-da-biodiversidade\/\" target=\"_blank\"><span>Conserva\u00e7\u00e3o da Biodiversidade<\/span><\/a><\/li>\n                                            <\/ul>\n                <\/div>\n\n                                    <div class=\"exad-nt-controls\">\n                        <button><span class=\"bn-arrow bn-prev\"><\/span><\/button>\n                                                    <button><span class=\"bn-action\"><\/span><\/button>\n                                                <button><span class=\"bn-arrow bn-next\"><\/span><\/button>\n                    <\/div>\n                                \n            <\/div>\n        \t\t\t\t<\/div>\n\t\t\t\t<\/div>\n\t\t\t\t<div class=\"elementor-element elementor-element-1815171 exad-sticky-section-no exad-glass-effect-no elementor-widget elementor-widget-exad-post-grid\" data-id=\"1815171\" data-element_type=\"widget\" data-widget_type=\"exad-post-grid.default\">\n\t\t\t\t<div class=\"elementor-widget-container\">\n\t\t\t\t\t\t\t\r\n\r\n\t\t<div class=\"exad-post-grid exad-post-grid-featured-post-yes default_layout\">\r\n\t\t\t<div class=\"exad-row-wrapper\">\r\n\t\t\t\t\r\n<article class=\"exad-post-grid-three exad-col  \">\r\n    <div class=\"exad-post-grid-container image-position-top exad-post-grid-equal-height-yes\">\r\n                    <figure class=\"exad-post-grid-thumbnail\">\r\n                <a href=\"https:\/\/www.argreen.ar\/pt-br\/anuga-2025-a-qualidade-que-fala-todos-os-idiomas\/\">\r\n                    <img fetchpriority=\"high\" decoding=\"async\" width=\"768\" height=\"474\" src=\"https:\/\/www.argreen.ar\/wp-content\/uploads\/2025\/11\/anuga-2025-alemania-portada-768x474.webp\" class=\"attachment-medium_large size-medium_large wp-post-image\" alt=\"\" \/>                <\/a>\r\n                \r\n                            <\/figure>\r\n        \t\t\r\n\t\t        <div class=\"exad-post-grid-body\">\r\n                            <ul class=\"exad-post-grid-category cat-posdefault\">\r\n                    <li><a href=\"https:\/\/www.argreen.ar\/pt-br\/category\/eventos-pt-br\/\">Eventos<\/a><\/li>                <\/ul>\r\n            \t\t\t\t\r\n\t\t\t\t\t\t\t\r\n                    <h3>\r\n\t\t\t\t\t\r\n\t\t\t\t\t\t\t\r\n                        <a href=\"https:\/\/www.argreen.ar\/pt-br\/anuga-2025-a-qualidade-que-fala-todos-os-idiomas\/\" class=\"exad-post-grid-title\">ANUGA 2025: A Qualidade que Fala Todos os Idiomas!<\/a>\r\n\t\t\t\t\r\n\t\t\t\t\t\t\t\t\t\r\n                    <\/h3>\r\n\t\t\t\t\t\r\n\t\t\t\t\t\t\t\t\r\n                                <div class=\"exad-post-grid-description\">\r\n                    Que semana intensa e gratificante vivemos na ANUGA, em Col\u00f4nia, Alemanha, de 9 a 13 de outubro.                <\/div>\r\n                                <ul class=\"exad-post-data show-avatar-no\">\r\n                                                <li class=\"exad-post-date\">\r\n                                <span>\r\n                                                                        <a href=\"https:\/\/www.argreen.ar\/pt-br\/anuga-2025-a-qualidade-que-fala-todos-os-idiomas\/\" class=\"exad-post-grid-author-date\">20 novembro, 2025<\/a>\r\n                                <\/span>                          \r\n                            <\/li>\r\n                           \r\n                    <\/ul>\r\n                \r\n        <\/div>\r\n        \t\t\r\n\t\t\t\t\r\n    <\/div>\r\n<\/article>\r\n\r\n<article class=\"exad-post-grid-three exad-col  \">\r\n    <div class=\"exad-post-grid-container image-position-top exad-post-grid-equal-height-yes\">\r\n                    <figure class=\"exad-post-grid-thumbnail\">\r\n                <a href=\"https:\/\/www.argreen.ar\/pt-br\/o-futuro-da-alimentacao-no-food-service-chile\/\">\r\n                    <img decoding=\"async\" width=\"768\" height=\"430\" src=\"https:\/\/www.argreen.ar\/wp-content\/uploads\/2025\/11\/Food-Service-Chile-2025-768x430.webp\" class=\"attachment-medium_large size-medium_large wp-post-image\" alt=\"\" \/>                <\/a>\r\n                \r\n                            <\/figure>\r\n        \t\t\r\n\t\t        <div class=\"exad-post-grid-body\">\r\n                            <ul class=\"exad-post-grid-category cat-posdefault\">\r\n                    <li><a href=\"https:\/\/www.argreen.ar\/pt-br\/category\/eventos-pt-br\/\">Eventos<\/a><\/li>                <\/ul>\r\n            \t\t\t\t\r\n\t\t\t\t\t\t\t\r\n                    <h3>\r\n\t\t\t\t\t\r\n\t\t\t\t\t\t\t\r\n                        <a href=\"https:\/\/www.argreen.ar\/pt-br\/o-futuro-da-alimentacao-no-food-service-chile\/\" class=\"exad-post-grid-title\">O Futuro da Alimenta\u00e7\u00e3o no Food Service Chile!<\/a>\r\n\t\t\t\t\r\n\t\t\t\t\t\t\t\t\t\r\n                    <\/h3>\r\n\t\t\t\t\t\r\n\t\t\t\t\t\t\t\t\r\n                                <div class=\"exad-post-grid-description\">\r\n                    Participamos da feira Food Service Chile, realizada de 30 de setembro a 2 de outubro. Foi o encontro chave da...                <\/div>\r\n                                <ul class=\"exad-post-data show-avatar-no\">\r\n                                                <li class=\"exad-post-date\">\r\n                                <span>\r\n                                                                        <a href=\"https:\/\/www.argreen.ar\/pt-br\/o-futuro-da-alimentacao-no-food-service-chile\/\" class=\"exad-post-grid-author-date\">20 novembro, 2025<\/a>\r\n                                <\/span>                          \r\n                            <\/li>\r\n                           \r\n                    <\/ul>\r\n                \r\n        <\/div>\r\n        \t\t\r\n\t\t\t\t\r\n    <\/div>\r\n<\/article>\r\n\r\n<article class=\"exad-post-grid-three exad-col  \">\r\n    <div class=\"exad-post-grid-container image-position-top exad-post-grid-equal-height-yes\">\r\n                    <figure class=\"exad-post-grid-thumbnail\">\r\n                <a href=\"https:\/\/www.argreen.ar\/pt-br\/desde-dubai-na-gulfood-the-worlds-biggest-fb-event-2025\/\">\r\n                    <img decoding=\"async\" width=\"768\" height=\"426\" src=\"https:\/\/www.argreen.ar\/wp-content\/uploads\/2025\/08\/gulfood-768x426.webp\" class=\"attachment-medium_large size-medium_large wp-post-image\" alt=\"\" \/>                <\/a>\r\n                \r\n                            <\/figure>\r\n        \t\t\r\n\t\t        <div class=\"exad-post-grid-body\">\r\n                            <ul class=\"exad-post-grid-category cat-posdefault\">\r\n                    <li><a href=\"https:\/\/www.argreen.ar\/pt-br\/category\/eventos-pt-br\/\">Eventos<\/a><\/li>                <\/ul>\r\n            \t\t\t\t\r\n\t\t\t\t\t\t\t\r\n                    <h3>\r\n\t\t\t\t\t\r\n\t\t\t\t\t\t\t\r\n                        <a href=\"https:\/\/www.argreen.ar\/pt-br\/desde-dubai-na-gulfood-the-worlds-biggest-fb-event-2025\/\" class=\"exad-post-grid-title\">Desde Dubai na Gulfood &#8211; The World&#8217;s Biggest F&amp;B Event 2025<\/a>\r\n\t\t\t\t\r\n\t\t\t\t\t\t\t\t\t\r\n                    <\/h3>\r\n\t\t\t\t\t\r\n\t\t\t\t\t\t\t\t\r\n                                <div class=\"exad-post-grid-description\">\r\n                    De 17 a 21 de fevereiro, tivemos a honra de participar da Gulfood - The World's Biggest F&amp;B Event, um...                <\/div>\r\n                                <ul class=\"exad-post-data show-avatar-no\">\r\n                                                <li class=\"exad-post-date\">\r\n                                <span>\r\n                                                                        <a href=\"https:\/\/www.argreen.ar\/pt-br\/desde-dubai-na-gulfood-the-worlds-biggest-fb-event-2025\/\" class=\"exad-post-grid-author-date\">16 outubro, 2025<\/a>\r\n                                <\/span>                          \r\n                            <\/li>\r\n                           \r\n                    <\/ul>\r\n                \r\n        <\/div>\r\n        \t\t\r\n\t\t\t\t\r\n    <\/div>\r\n<\/article>\r\n\r\n<article class=\"exad-post-grid-three exad-col  \">\r\n    <div class=\"exad-post-grid-container image-position-top exad-post-grid-equal-height-yes\">\r\n                    <figure class=\"exad-post-grid-thumbnail\">\r\n                <a href=\"https:\/\/www.argreen.ar\/pt-br\/participacao-ppa-2024\/\">\r\n                    <img loading=\"lazy\" decoding=\"async\" width=\"768\" height=\"432\" src=\"https:\/\/www.argreen.ar\/wp-content\/uploads\/2025\/08\/fundacion-proyungas-argreen-argentine-768x432.webp\" class=\"attachment-medium_large size-medium_large wp-post-image\" alt=\"\" \/>                <\/a>\r\n                \r\n                            <\/figure>\r\n        \t\t\r\n\t\t        <div class=\"exad-post-grid-body\">\r\n                            <ul class=\"exad-post-grid-category cat-posdefault\">\r\n                    <li><a href=\"https:\/\/www.argreen.ar\/pt-br\/category\/noticias-pt-br\/\">Not\u00edcias<\/a><\/li>                <\/ul>\r\n            \t\t\t\t\r\n\t\t\t\t\t\t\t\r\n                    <h3>\r\n\t\t\t\t\t\r\n\t\t\t\t\t\t\t\r\n                        <a href=\"https:\/\/www.argreen.ar\/pt-br\/participacao-ppa-2024\/\" class=\"exad-post-grid-title\">Participa\u00e7\u00e3o PPA 2024<\/a>\r\n\t\t\t\t\r\n\t\t\t\t\t\t\t\t\t\r\n                    <\/h3>\r\n\t\t\t\t\t\r\n\t\t\t\t\t\t\t\t\r\n                                <div class=\"exad-post-grid-description\">\r\n                    Sua biodiversidade inclui esp\u00e9cies vulner\u00e1veis e ecossistemas \u00fanicos localizados nas encostas e cumes das Serras do Aconquija, uma regi\u00e3o de...                <\/div>\r\n                                <ul class=\"exad-post-data show-avatar-no\">\r\n                                                <li class=\"exad-post-date\">\r\n                                <span>\r\n                                                                        <a href=\"https:\/\/www.argreen.ar\/pt-br\/participacao-ppa-2024\/\" class=\"exad-post-grid-author-date\">16 outubro, 2025<\/a>\r\n                                <\/span>                          \r\n                            <\/li>\r\n                           \r\n                    <\/ul>\r\n                \r\n        <\/div>\r\n        \t\t\r\n\t\t\t\t\r\n    <\/div>\r\n<\/article>\r\n\r\n<article class=\"exad-post-grid-three exad-col  \">\r\n    <div class=\"exad-post-grid-container image-position-top exad-post-grid-equal-height-yes\">\r\n                    <figure class=\"exad-post-grid-thumbnail\">\r\n                <a href=\"https:\/\/www.argreen.ar\/pt-br\/encontros-de-horticultores-em-el-cajon\/\">\r\n                    <img loading=\"lazy\" decoding=\"async\" width=\"768\" height=\"472\" src=\"https:\/\/www.argreen.ar\/wp-content\/uploads\/2025\/08\/que_es_sostenibilidad-1536x944-1-768x472.webp\" class=\"attachment-medium_large size-medium_large wp-post-image\" alt=\"\" \/>                <\/a>\r\n                \r\n                            <\/figure>\r\n        \t\t\r\n\t\t        <div class=\"exad-post-grid-body\">\r\n                            <ul class=\"exad-post-grid-category cat-posdefault\">\r\n                    <li><a href=\"https:\/\/www.argreen.ar\/pt-br\/category\/noticias-pt-br\/\">Not\u00edcias<\/a><\/li>                <\/ul>\r\n            \t\t\t\t\r\n\t\t\t\t\t\t\t\r\n                    <h3>\r\n\t\t\t\t\t\r\n\t\t\t\t\t\t\t\r\n                        <a href=\"https:\/\/www.argreen.ar\/pt-br\/encontros-de-horticultores-em-el-cajon\/\" class=\"exad-post-grid-title\">Encontros de horticultores em El Caj\u00f3n<\/a>\r\n\t\t\t\t\r\n\t\t\t\t\t\t\t\t\t\r\n                    <\/h3>\r\n\t\t\t\t\t\r\n\t\t\t\t\t\t\t\t\r\n                                <div class=\"exad-post-grid-description\">\r\n                    Encontro de Horticultores em El Caj\u00f3n: fortalecendo o Cintur\u00e3o Verde Comunit\u00e1rio                <\/div>\r\n                                <ul class=\"exad-post-data show-avatar-no\">\r\n                                                <li class=\"exad-post-date\">\r\n                                <span>\r\n                                                                        <a href=\"https:\/\/www.argreen.ar\/pt-br\/encontros-de-horticultores-em-el-cajon\/\" class=\"exad-post-grid-author-date\">16 outubro, 2025<\/a>\r\n                                <\/span>                          \r\n                            <\/li>\r\n                           \r\n                    <\/ul>\r\n                \r\n        <\/div>\r\n        \t\t\r\n\t\t\t\t\r\n    <\/div>\r\n<\/article>\r\n    \r\n\t\t\t<\/div>\r\n\t\t\t<div class=\"exad-post-grid-load-btn\">\r\n\t\t\t\t\t\t\t<\/div>\r\n\t\t<\/div>\r\n\r\n\t\t\t\t\t<\/div>\n\t\t\t\t<\/div>\n\t\t\t\t\t<\/div>\n\t\t<\/div>\n\t\t\t\t\t<\/div>\n\t\t<\/section>\n\t\t\t\t<\/div>\n\t\t","protected":false},"excerpt":{"rendered":"<p>Not\u00edcias em destaque Conservacion de Biodiversidad Proyectos de investigaci\u00f3n Produccion Sustentable Tenemos Responsabilidad Encuentros de huerteros en El Caj\u00f3n Participaci\u00f3n PPA 2024 Desde Dub\u00e1i en Gulfood &#8211; The World&#8217;s Biggest F&amp;B Event 2025 Noticias Encuentros de huerteros en El Caj\u00f3n Encuentro de Huerteros en El Caj\u00f3n: fortaleciendo el Cintur\u00f3n Verde Comunitario 8 agosto, 2025 Noticias [&hellip;]<\/p>\n","protected":false},"author":2,"featured_media":0,"parent":0,"menu_order":0,"comment_status":"closed","ping_status":"closed","template":"","meta":{"_uag_custom_page_level_css":"","site-sidebar-layout":"no-sidebar","site-content-layout":"page-builder","ast-site-content-layout":"full-width-container","site-content-style":"default","site-sidebar-style":"default","ast-global-header-display":"","ast-banner-title-visibility":"","ast-main-header-display":"","ast-hfb-above-header-display":"","ast-hfb-below-header-display":"","ast-hfb-mobile-header-display":"","site-post-title":"disabled","ast-breadcrumbs-content":"","ast-featured-img":"disabled","footer-sml-layout":"","theme-transparent-header-meta":"","adv-header-id-meta":"","stick-header-meta":"","header-above-stick-meta":"","header-main-stick-meta":"","header-below-stick-meta":"","astra-migrate-meta-layouts":"default","ast-page-background-enabled":"default","ast-page-background-meta":{"desktop":{"background-color":"var(--ast-global-color-4)","background-image":"","background-repeat":"repeat","background-position":"center center","background-size":"auto","background-attachment":"scroll","background-type":"","background-media":"","overlay-type":"","overlay-color":"","overlay-opacity":"","overlay-gradient":""},"tablet":{"background-color":"","background-image":"","background-repeat":"repeat","background-position":"center center","background-size":"auto","background-attachment":"scroll","background-type":"","background-media":"","overlay-type":"","overlay-color":"","overlay-opacity":"","overlay-gradient":""},"mobile":{"background-color":"","background-image":"","background-repeat":"repeat","background-position":"center center","background-size":"auto","background-attachment":"scroll","background-type":"","background-media":"","overlay-type":"","overlay-color":"","overlay-opacity":"","overlay-gradient":""}},"ast-content-background-meta":{"desktop":{"background-color":"var(--ast-global-color-5)","background-image":"","background-repeat":"repeat","background-position":"center center","background-size":"auto","background-attachment":"scroll","background-type":"","background-media":"","overlay-type":"","overlay-color":"","overlay-opacity":"","overlay-gradient":""},"tablet":{"background-color":"var(--ast-global-color-5)","background-image":"","background-repeat":"repeat","background-position":"center center","background-size":"auto","background-attachment":"scroll","background-type":"","background-media":"","overlay-type":"","overlay-color":"","overlay-opacity":"","overlay-gradient":""},"mobile":{"background-color":"var(--ast-global-color-5)","background-image":"","background-repeat":"repeat","background-position":"center center","background-size":"auto","background-attachment":"scroll","background-type":"","background-media":"","overlay-type":"","overlay-color":"","overlay-opacity":"","overlay-gradient":""}},"footnotes":""},"class_list":["post-5138","page","type-page","status-publish","hentry"],"uagb_featured_image_src":{"full":false,"thumbnail":false,"medium":false,"medium_large":false,"large":false,"1536x1536":false,"2048x2048":false},"uagb_author_info":{"display_name":"Argreen","author_link":"https:\/\/www.argreen.ar\/pt-br\/author\/gabrielbrahim\/"},"uagb_comment_info":0,"uagb_excerpt":"Not\u00edcias em destaque Conservacion de Biodiversidad Proyectos de investigaci\u00f3n Produccion Sustentable Tenemos Responsabilidad Encuentros de huerteros en El Caj\u00f3n Participaci\u00f3n PPA 2024 Desde Dub\u00e1i en Gulfood &#8211; The World&#8217;s Biggest F&amp;B Event 2025 Noticias Encuentros de huerteros en El Caj\u00f3n Encuentro de Huerteros en El Caj\u00f3n: fortaleciendo el Cintur\u00f3n Verde Comunitario 8 agosto, 2025 Noticias&hellip;","_links":{"self":[{"href":"https:\/\/www.argreen.ar\/pt-br\/wp-json\/wp\/v2\/pages\/5138","targetHints":{"allow":["GET"]}}],"collection":[{"href":"https:\/\/www.argreen.ar\/pt-br\/wp-json\/wp\/v2\/pages"}],"about":[{"href":"https:\/\/www.argreen.ar\/pt-br\/wp-json\/wp\/v2\/types\/page"}],"author":[{"embeddable":true,"href":"https:\/\/www.argreen.ar\/pt-br\/wp-json\/wp\/v2\/users\/2"}],"replies":[{"embeddable":true,"href":"https:\/\/www.argreen.ar\/pt-br\/wp-json\/wp\/v2\/comments?post=5138"}],"version-history":[{"count":1,"href":"https:\/\/www.argreen.ar\/pt-br\/wp-json\/wp\/v2\/pages\/5138\/revisions"}],"predecessor-version":[{"id":5139,"href":"https:\/\/www.argreen.ar\/pt-br\/wp-json\/wp\/v2\/pages\/5138\/revisions\/5139"}],"wp:attachment":[{"href":"https:\/\/www.argreen.ar\/pt-br\/wp-json\/wp\/v2\/media?parent=5138"}],"curies":[{"name":"wp","href":"https:\/\/api.w.org\/{rel}","templated":true}]}}